{"id":5,"date":"2020-07-10T16:31:30","date_gmt":"2020-07-10T14:31:30","guid":{"rendered":"http:\/\/vivicapannoli.it\/tabacchicartoleria\/empowerwp-pro\/"},"modified":"2020-07-25T15:34:34","modified_gmt":"2020-07-25T13:34:34","slug":"empowerwp-pro","status":"publish","type":"page","link":"https:\/\/vivicapannoli.it\/tabacchicartoleria\/","title":{"rendered":"Front Page"},"content":{"rendered":"<div data-label=\"About\" data-id=\"about--2\" data-export-id=\"about-5\" data-category=\"about\" class=\"about-5 content-section content-section-spacing content-relative\" id=\"about-2\"  style=\"background-color: rgb(255, 255, 255);\"><div class=\"section-separator-top\" >\n    <svg xmlns=\"http:\/\/www.w3.org\/2000\/svg\" viewBox=\"0 0 1000 100\" preserveAspectRatio=\"none\" data-separator-name=\"curve-asymmetrical\" class=\"section-separator-top\" >\n\t<path class=\"svg-white-bg\" d=\"M0,0c0,0,0,6,0,6.7c0,18,240.2,93.6,615.2,92.6C989.8,98.5,1000,25,1000,6.7c0-0.7,0-6.7,0-6.7H0z\" ><\/path>\n<\/svg>\n<\/div><div class=\"gridContainer\" > <div class=\"row middle-sm text-center\" ><div class=\"col-sm-6 space-bottom-xs\" data-type=\"column\" > <h5 class=\"\" >L&#8217;ANGOLO DEI BAMBINI<\/h5> <h2 class=\"\"  style=\"border-bottom-color: rgb(3, 169, 244);\"><span href=\"#\" >Tutto ci\u00f2&nbsp;\n\n<\/span><span style=\"font-family: Playfair Display,sans-serif; font-weight: 700; font-style: italic;\" href=\"#\" >che desiderei \n<\/span>per i tuoi bambini<\/h2> <p class=\"\" >Laura sapr\u00e0 consigliarti sugli articoli pi\u00f9 richiesti&nbsp;<\/p> <\/div> <div class=\"col-sm-6 flexbox image-group-right-2 around-xs top-xs space-bottom-xs\" ><div class=\"left-el\" > <img decoding=\"async\" class=\"shadow-large\" data-size=\"300x430\" src=\"http:\/\/vivicapannoli.it\/tabacchicartoleria\/wp-content\/uploads\/sites\/20\/2020\/07\/cropped-WhatsApp-Image-2020-07-25-at-10.16.28-1.jpeg\"  alt=\"\" title=\"cropped-WhatsApp-Image-2020-07-25-at-10.16.28-1.jpeg\"><\/div> <div class=\"right-el\" > <img decoding=\"async\" class=\"shadow-large\" data-size=\"300x430\" src=\"http:\/\/vivicapannoli.it\/tabacchicartoleria\/wp-content\/uploads\/sites\/20\/2020\/07\/cropped-WhatsApp-Image-2020-07-25-at-10.16.29-1-1.jpeg\"  alt=\"\" title=\"cropped-WhatsApp-Image-2020-07-25-at-10.16.29-1-1.jpeg\"><\/div> <div class=\"center-overlay inner-shadow border-large\" ><\/div><\/div> <\/div><\/div> <\/div><div data-label=\"About\" data-id=\"about--4\" data-export-id=\"about-1\" data-category=\"about\" class=\"about-1 content-section content-relative\" id=\"about-4\"  style=\"background-color: rgb(255, 255, 255);\"><div class=\"section-separator-top\" >\n    <svg xmlns=\"http:\/\/www.w3.org\/2000\/svg\" preserveAspectRatio=\"none\" viewBox=\"0 0 1000 100\" data-separator-name=\"tilt-flipped\" class=\"section-separator-top\" >\n  <path id=\"path2\" d=\"M 1000,0 H 0 v 100 z\" class=\"svg-white-bg\" ><\/path>\n<\/svg>\n<\/div><div class=\"gridContainer\" > <div class=\"row text-center\" ><div class=\"section-title-col\" data-type=\"column\" > <h5 class=\"\" >L&#8217;ANGOLO DELLA SCUOLA<\/h5> <h2 class=\"\" >Tutto  quanto necessario<br >\n per rendere migliore il tuo anno scolastico<\/h2> <p class=\"lead\" >Quaderni, compassi, matite, astucci con ampia scelta<\/p><\/div> <\/div> <div class=\"row\" > <div class=\"button-holder space-bottom space-bottom-small\" data-type=\"column\" > <\/div> <div class=\"col-xs bottom-xs flexbox image-group-bottom-3-img space-bottom-xs center-xs\" > <img decoding=\"async\" class=\"left-img shadow-large-black\" data-size=\"500x300\" src=\"http:\/\/vivicapannoli.it\/tabacchicartoleria\/wp-content\/uploads\/sites\/20\/2020\/07\/cropped-WhatsApp-Image-2020-07-25-at-10.16.28-5.jpeg\"  alt=\"\" title=\"cropped-WhatsApp-Image-2020-07-25-at-10.16.28-5.jpeg\"> <img decoding=\"async\" class=\"center-img shadow-large-black\" data-size=\"500x300\" src=\"http:\/\/vivicapannoli.it\/tabacchicartoleria\/wp-content\/uploads\/sites\/20\/2020\/07\/cropped-WhatsApp-Image-2020-07-25-at-15.27.06.jpeg\"  alt=\"\" title=\"cropped-WhatsApp-Image-2020-07-25-at-15.27.06.jpeg\"> <img decoding=\"async\" class=\"right-img shadow-large-black\" data-size=\"500x300\" src=\"http:\/\/vivicapannoli.it\/tabacchicartoleria\/wp-content\/uploads\/sites\/20\/2020\/07\/cropped-Quaderni.jpeg\"  alt=\"\" title=\"cropped-Quaderni.jpeg\"><\/div> <\/div><\/div> <\/div><div  data-label=\"Contatti\" data-id=\"contact--1\" data-export-id=\"contact-6\" data-category=\"contact\" class=\"contact-5 content-section content-section-spacing content-relative\" id=\"contatti\" style=\"background-color: rgb(255, 255, 255); background-image: none;\"><div class=\"section-separator-top\" >\n    <svg xmlns=\"http:\/\/www.w3.org\/2000\/svg\" viewBox=\"0 0 1000 100\" preserveAspectRatio=\"none\" data-separator-name=\"book-negative\" class=\"section-separator-top\" >\n\t<path class=\"svg-white-bg\" d=\"M806,94.7C619.5,90,500,20.3,500,1.7c-1,18.6-117.5,88.3-306,93C92,97.2,0,97.9,0,97.9v-0l0,0v2.3h1000v-2.3 C1000,97.7,920.3,97.6,806,94.7z M350,65.1L350,65.1L350,65.1L350,65.1z\" ><\/path>\n<\/svg>\n<\/div><div  class=\"gridContainer\"> <div  class=\"row text-center\"><div  class=\"section-title-col\" data-type=\"column\"> <h2  class=\"\" style=\"border-bottom-color: rgb(3, 169, 244);\">Contatti<\/h2> <p  class=\"lead\">Ti aspettiamo dal Lunedi al Sabato\n<br >dalle               9,00 alle  13,00<br >dalle ore 16,00 alle 20,00<\/p><\/div> <\/div> <div  class=\"row middle-sm\"> <div  class=\"col-xs-12 col-sm-6 image-holder space-bottom-xs\"> <div  data-content-shortcode=\"mesmerize_maps address=&quot;Via Pinete 98 SANTO PIETRO BELVEDERE&quot; zoom=&quot;65&quot;\" data-editable=\"true\" class=\"shadow-medium\">        <div class=\"mesmerize-google-maps\" style=\"width:100%\">\n            <iframe style=\"width:100%; height:100%;min-height:inherit;display:block;\" src=\"https:\/\/maps.google.com\/maps?q=Via%20Pinete%2098%20SANTO%20PIETRO%20BELVEDERE&#038;z=14&#038;output=embed&#038;iwloc=near\"><\/iframe>\n        <\/div>\n    <\/div><\/div> <div  class=\"col-xs-12 col-sm-6\"><div  class=\"row middle-sm\"> <div  data-type=\"column\" class=\"col-xs-12 space-bottom-small\"><\/div> <\/div> <div  class=\"row middle-sm\" data-type=\"row\"> <div  class=\"col-xs-12 space-bottom-small\"> <div  class=\"row\"> <div  data-type=\"column\" class=\"col-xs-12 col-sm-fit label-col\"> <h5  class=\"\">Indirizzo:<\/h5><\/div> <div  data-type=\"column\" class=\"col-xs-12 col-sm\"><p  class=\"\">Via Pinete 98 Santo Pietro Belvedere \u2013 Capannoli (PI)<\/p><\/div> <\/div><\/div> <div  class=\"col-xs-12 space-bottom-small\"><div  class=\"row\"> <div  data-type=\"column\" class=\"col-xs-12 col-sm-fit label-col\"><h5  class=\"\">Telefono:<\/h5><\/div> <div  data-type=\"column\" class=\"col-xs-12 col-sm\"><p  class=\"\">&nbsp; 0587 607381<\/p><\/div> <\/div><\/div> <div  class=\"col-xs-12 space-bottom-small\"> <div  class=\"row\"> <div  data-type=\"column\" class=\"col-xs-12 col-sm-fit label-col\"> <h5  class=\"\">Cellulare:<\/h5><\/div> <div  data-type=\"column\" class=\"col-xs-12 col-sm\"><p  class=\"\">&nbsp;347 3052322<\/p><\/div> <\/div><\/div><div  class=\"col-xs-12 space-bottom-small\"><div  class=\"row\"> <div  data-type=\"column\" class=\"col-xs-12 col-sm-fit label-col\"><h5  class=\"\">Email:<\/h5><\/div> <div  data-type=\"column\" class=\"col-xs-12 col-sm\"><a href=\"mailto:\" class=\"\" target=\"_self\" data-cp-link=\"1\" rel=\"noopener noreferrer\">laura.sammuri@gmail.com<\/a><\/div> <\/div><\/div> <\/div> <\/div><\/div> <\/div><\/div>","protected":false},"excerpt":{"rendered":"<p>L&#8217;ANGOLO DEI BAMBINI Tutto ci\u00f2&nbsp; che desiderei per i tuoi bambini Laura sapr\u00e0 consigliarti sugli articoli pi\u00f9 richiesti&nbsp; L&#8217;ANGOLO DELLA SCUOLA Tutto quanto necessario per rendere migliore il tuo anno scolastico Quaderni, compassi, matite, astucci con ampia scelta Contatti Ti aspettiamo dal Lunedi al Sabato dalle 9,00 alle 13,00dalle ore 16,00 alle 20,00 Indirizzo: Via&hellip; <br \/> <a class=\"read-more\" href=\"https:\/\/vivicapannoli.it\/tabacchicartoleria\/\">Leggi tutto<\/a><\/p>\n","protected":false},"author":1,"featured_media":0,"parent":0,"menu_order":0,"comment_status":"closed","ping_status":"closed","template":"page-templates\/homepage.php","meta":{"footnotes":""},"class_list":["post-5","page","type-page","status-publish","hentry"],"_links":{"self":[{"href":"https:\/\/vivicapannoli.it\/tabacchicartoleria\/wp-json\/wp\/v2\/pages\/5","targetHints":{"allow":["GET"]}}],"collection":[{"href":"https:\/\/vivicapannoli.it\/tabacchicartoleria\/wp-json\/wp\/v2\/pages"}],"about":[{"href":"https:\/\/vivicapannoli.it\/tabacchicartoleria\/wp-json\/wp\/v2\/types\/page"}],"author":[{"embeddable":true,"href":"https:\/\/vivicapannoli.it\/tabacchicartoleria\/wp-json\/wp\/v2\/users\/1"}],"replies":[{"embeddable":true,"href":"https:\/\/vivicapannoli.it\/tabacchicartoleria\/wp-json\/wp\/v2\/comments?post=5"}],"version-history":[{"count":10,"href":"https:\/\/vivicapannoli.it\/tabacchicartoleria\/wp-json\/wp\/v2\/pages\/5\/revisions"}],"predecessor-version":[{"id":72,"href":"https:\/\/vivicapannoli.it\/tabacchicartoleria\/wp-json\/wp\/v2\/pages\/5\/revisions\/72"}],"wp:attachment":[{"href":"https:\/\/vivicapannoli.it\/tabacchicartoleria\/wp-json\/wp\/v2\/media?parent=5"}],"curies":[{"name":"wp","href":"https:\/\/api.w.org\/{rel}","templated":true}]}}